{"id":123,"date":"2017-06-12T08:35:06","date_gmt":"2017-06-12T08:35:06","guid":{"rendered":"http:\/\/demo2.steelthemes.com\/gardenhub\/?page_id=123"},"modified":"2026-03-06T21:39:26","modified_gmt":"2026-03-06T21:39:26","slug":"temoignages","status":"publish","type":"page","link":"https:\/\/www.lartdepierre.com\/fr\/temoignages\/","title":{"rendered":"T\u00e9moignages"},"content":{"rendered":"<div class=\"wpb-content-wrapper\"><div class=\"vc_row wpb_row vc_row-fluid wpb_animate_when_almost_visible wpb_fadeIn fadeIn vc_custom_1772122134012\"><div class=\"container\"><div class=\"row\"><div class=\"wpb_animate_when_almost_visible wpb_zoomIn zoomIn wpb_column vc_column_container vc_col-sm-12\"><div class=\"vc_column-inner\"><div class=\"wpb_wrapper\"><div class=\"fh-section-title clearfix  text-left style-1 version-dark\"><div class=\"container\"><h2>Ce que nos clients disent de nous<\/h2><\/div><\/div><h1 style=\"font-size: 15px;color: #6FBA39;text-align: left\" class=\"vc_custom_heading vc_do_custom_heading wpb_animate_when_almost_visible wpb_zoomIn zoomIn\" >T\u00e9moignages clients | Experts en construction et installation d\u2019am\u00e9nagement paysager<\/h1>\n\t<div class=\"wpb_text_column wpb_content_element wpb_animate_when_almost_visible wpb_zoomIn zoomIn vc_custom_1772395333100\" >\n\t\t<div class=\"wpb_wrapper\">\n\t\t\t<p><strong>D\u00e9couvrez les t\u00e9moignages de clients satisfaits!<\/strong><\/p>\n\n\t\t<\/div>\n\t<\/div>\n<div class=\"fh-testimonials  style-2\">\n\t\t\t\t<div class=\"testi-list row\" >\n\t\t\t\t<div class=\"testi-item col-xs-12 col-sm-6 col-md-4\">\n\t\t\t\t\t<div class=\"testi-content\">\n\t\t\t\t\t\t<span class=\"fh-icon\"><i class=\"fa fa-quote-left\"><\/i><\/span>\n\t\t\t\t\t\t\n                        <div class=\"testi-des\">Ma femme et moi avons \u00e9t\u00e9 tr\u00e8s satisfaits de leur travail.\n\nMike et Eric \u00e9taient tr\u00e8s agr\u00e9ables et attentifs \u00e0 nos besoins et \u00e0 nos pr\u00e9occupations.<\/div>\n                        <div class=\"info clearfix\">\n\t\t\t\t\t\t\t<div class=\"testi-star\"><i class=\"fa fa-star fa-md\"><\/i><i class=\"fa fa-star fa-md\"><\/i><i class=\"fa fa-star fa-md\"><\/i><i class=\"fa fa-star fa-md\"><\/i><i class=\"fa fa-star fa-md\"><\/i><\/div>\n\t\t\t\t\t\t\t<h4 class=\"testi-name\">T\u00e9moignage Google \u2013 Gilles Lafreni\u00e8re<\/h4>\n\t\t\t\t\t\t\t\n\t\t\t\t\t\t<\/div>\n\t\t\t\t\t<\/div>\n                <\/div>\n\t\t\t\t<div class=\"testi-item col-xs-12 col-sm-6 col-md-4\">\n\t\t\t\t\t<div class=\"testi-content\">\n\t\t\t\t\t\t<span class=\"fh-icon\"><i class=\"fa fa-quote-left\"><\/i><\/span>\n\t\t\t\t\t\t\n                        <div class=\"testi-des\">Bonjour ! Nathalie et Luc de Lasalle\u2026 C\u2019est notre deuxi\u00e8me exp\u00e9rience avec la formidable entreprise qu\u2019est L\u2019art de Pierre Paysagiste. Nous pouvons vous assurer que le professionnalisme et le service sont au c\u0153ur de leur activit\u00e9. Les conseils et recommandations qu\u2019ils nous ont prodigu\u00e9s nous ont agr\u00e9ablement surpris et nous ont \u00e9t\u00e9 expliqu\u00e9s de fa\u00e7on simple et tr\u00e8s constructive. Le travail est impeccable et r\u00e9alis\u00e9 dans les d\u00e9lais. L\u2019\u00e9quipe est toujours disponible pour r\u00e9pondre \u00e0 nos questions. Nous les remercions et les recommandons vivement. Un grand merci \u00e0 toute l\u2019\u00e9quipe !<\/div>\n                        <div class=\"info clearfix\">\n\t\t\t\t\t\t\t<div class=\"testi-star\"><i class=\"fa fa-star fa-md\"><\/i><i class=\"fa fa-star fa-md\"><\/i><i class=\"fa fa-star fa-md\"><\/i><i class=\"fa fa-star fa-md\"><\/i><i class=\"fa fa-star fa-md\"><\/i><\/div>\n\t\t\t\t\t\t\t<h4 class=\"testi-name\">T\u00e9moignage Google \u2013 Luc Tremblay<\/h4>\n\t\t\t\t\t\t\t\n\t\t\t\t\t\t<\/div>\n\t\t\t\t\t<\/div>\n                <\/div>\n\t\t\t\t<div class=\"testi-item col-xs-12 col-sm-6 col-md-4\">\n\t\t\t\t\t<div class=\"testi-content\">\n\t\t\t\t\t\t<span class=\"fh-icon\"><i class=\"fa fa-quote-left\"><\/i><\/span>\n\t\t\t\t\t\t<h4 class=\"testi-feedback\">Talented Landscapers<\/h4>\n                        <div class=\"testi-des\">C'est sans aucun doute l'entreprise d'am\u00e9nagement paysager qu'il vous faut ! De la planification \u00e0 l'ex\u00e9cution, Mike et son \u00e9quipe ont cr\u00e9\u00e9 un r\u00e9sultat exceptionnel pour notre cabinet dentaire. Ils ont des id\u00e9es de design et de produits, et leur travail d\u2019\u00e9quipe est incroyable ! Nous sommes ravis du projet r\u00e9alis\u00e9 avec L\u2019Art de Pierre \ud83d\ude4c\ud83c\udffb<\/div>\n                        <div class=\"info clearfix\">\n\t\t\t\t\t\t\t<div class=\"testi-star\"><i class=\"fa fa-star fa-md\"><\/i><i class=\"fa fa-star fa-md\"><\/i><i class=\"fa fa-star fa-md\"><\/i><i class=\"fa fa-star fa-md\"><\/i><i class=\"fa fa-star fa-md\"><\/i><\/div>\n\t\t\t\t\t\t\t<h4 class=\"testi-name\">T\u00e9moignage Google - Ann Mackay<\/h4>\n\t\t\t\t\t\t\t\n\t\t\t\t\t\t<\/div>\n\t\t\t\t\t<\/div>\n                <\/div>\n\t\t\t\t<div class=\"testi-item col-xs-12 col-sm-6 col-md-4\">\n\t\t\t\t\t<div class=\"testi-content\">\n\t\t\t\t\t\t<span class=\"fh-icon\"><i class=\"fa fa-quote-left\"><\/i><\/span>\n\t\t\t\t\t\t<h4 class=\"testi-feedback\">Talented Landscapers<\/h4>\n                        <div class=\"testi-des\">Tr\u00e8s satisfait du r\u00e9sultat final\u00a0! Service rapide et efficace du d\u00e9but \u00e0 la fin\u00a0! Mike est tr\u00e8s comp\u00e9tent et agr\u00e9able \u00e0 c\u00f4toyer. Je recommande vivement cette entreprise.<\/div>\n                        <div class=\"info clearfix\">\n\t\t\t\t\t\t\t<div class=\"testi-star\"><i class=\"fa fa-star fa-md\"><\/i><i class=\"fa fa-star fa-md\"><\/i><i class=\"fa fa-star fa-md\"><\/i><i class=\"fa fa-star fa-md\"><\/i><i class=\"fa fa-star fa-md\"><\/i><\/div>\n\t\t\t\t\t\t\t<h4 class=\"testi-name\">T\u00e9moignage Google - Neyla Ch.<\/h4>\n\t\t\t\t\t\t\t\n\t\t\t\t\t\t<\/div>\n\t\t\t\t\t<\/div>\n                <\/div><\/div>\n\t\t\t<\/div><\/div><\/div><\/div><\/div><\/div><\/div><div class=\"vc_row wpb_row vc_row-fluid\"><div class=\"container\"><div class=\"row\"><div class=\"wpb_column vc_column_container vc_col-sm-12\"><div class=\"vc_column-inner\"><div class=\"wpb_wrapper\"><div class=\"vc_message_box vc_message_box-standard vc_message_box-rounded vc_color-white vc_do_message\" ><div class=\"vc_message_box-icon\"><i class=\"fa fa-solid fa-share\"><\/i><\/div><p>N'h\u00e9siter pas a nous donner un bon commentaire sur <a title=\"Google review\" href=\"https:\/\/www.google.com\/maps\/place\/L&#039;Art+de+pierre+Paysagiste+%2F+Landscaping\/@45.4484655,-73.8802882,17z\/data=!4m8!3m7!1s0x4cc93bde1e890e21:0xa67f6e52135e27bc!8m2!3d45.4484655!4d-73.8777133!9m1!1b1!16s%2Fg%2F1hc4fccyq?entry=ttu&amp;g_ep=EgoyMDI2MDIyNS4wIKXMDSoASAFQAw%3D%3D\" target=\"_blank\" rel=\"noopener\">Google review<\/a><a href=\"https:\/\/www.google.com\/maps\/place\/L&#039;Art+de+pierre+Paysagiste+%2F+Landscaping\/@45.4484655,-73.8802882,17z\/data=!4m8!3m7!1s0x4cc93bde1e890e21:0xa67f6e52135e27bc!8m2!3d45.4484655!4d-73.8777133!9m1!1b1!16s%2Fg%2F1hc4fccyq?entry=ttu&amp;g_ep=EgoyMDI2MDIyNS4wIKXMDSoASAFQAw%3D%3D\" target=\"_blank\" rel=\"noopener\"><img loading=\"lazy\" decoding=\"async\" class=\"alignnone wp-image-1683\" src=\"https:\/\/www.lartdepierre.com\/wp-content\/uploads\/2026\/03\/google-reviews-logo-300x166.webp\" alt=\"Google Review L'Art de pierre.\" width=\"100\" height=\"55\" srcset=\"https:\/\/www.lartdepierre.com\/wp-content\/uploads\/2026\/03\/google-reviews-logo-300x166.webp 300w, https:\/\/www.lartdepierre.com\/wp-content\/uploads\/2026\/03\/google-reviews-logo-18x10.webp 18w, https:\/\/www.lartdepierre.com\/wp-content\/uploads\/2026\/03\/google-reviews-logo.webp 500w\" sizes=\"auto, (max-width: 100px) 100vw, 100px\" \/><\/a><\/p>\n<\/div><\/div><\/div><\/div><\/div><\/div><\/div>\n<\/div>","protected":false},"excerpt":{"rendered":"","protected":false},"author":1,"featured_media":0,"parent":0,"menu_order":0,"comment_status":"closed","ping_status":"closed","template":"template-fullwidth.php","meta":{"footnotes":""},"class_list":["post-123","page","type-page","status-publish","hentry","no-thumb"],"_links":{"self":[{"href":"https:\/\/www.lartdepierre.com\/fr\/wp-json\/wp\/v2\/pages\/123","targetHints":{"allow":["GET"]}}],"collection":[{"href":"https:\/\/www.lartdepierre.com\/fr\/wp-json\/wp\/v2\/pages"}],"about":[{"href":"https:\/\/www.lartdepierre.com\/fr\/wp-json\/wp\/v2\/types\/page"}],"author":[{"embeddable":true,"href":"https:\/\/www.lartdepierre.com\/fr\/wp-json\/wp\/v2\/users\/1"}],"replies":[{"embeddable":true,"href":"https:\/\/www.lartdepierre.com\/fr\/wp-json\/wp\/v2\/comments?post=123"}],"version-history":[{"count":39,"href":"https:\/\/www.lartdepierre.com\/fr\/wp-json\/wp\/v2\/pages\/123\/revisions"}],"predecessor-version":[{"id":1718,"href":"https:\/\/www.lartdepierre.com\/fr\/wp-json\/wp\/v2\/pages\/123\/revisions\/1718"}],"wp:attachment":[{"href":"https:\/\/www.lartdepierre.com\/fr\/wp-json\/wp\/v2\/media?parent=123"}],"curies":[{"name":"wp","href":"https:\/\/api.w.org\/{rel}","templated":true}]}}