{"id":127,"date":"2017-06-12T08:36:29","date_gmt":"2017-06-12T08:36:29","guid":{"rendered":"http:\/\/demo2.steelthemes.com\/gardenhub\/?page_id=127"},"modified":"2026-03-30T01:08:20","modified_gmt":"2026-03-30T01:08:20","slug":"projets","status":"publish","type":"page","link":"https:\/\/www.lartdepierre.com\/fr\/projets\/","title":{"rendered":"Nos r\u00e9alisations"},"content":{"rendered":"<div class=\"wpb-content-wrapper\"><div class=\"vc_row wpb_row vc_row-fluid\"><div class=\"container\"><div class=\"row\"><div class=\"wpb_column vc_column_container vc_col-sm-12\"><div class=\"vc_column-inner\"><div class=\"wpb_wrapper\"><h1 style=\"font-size: 20px;text-align: left\" class=\"vc_custom_heading vc_do_custom_heading wpb_animate_when_almost_visible wpb_zoomIn zoomIn vc_custom_1774832355960\" >Galerie des projets d\u2019am\u00e9nagement paysager<\/h1>\n\t<div class=\"wpb_text_column wpb_content_element wpb_animate_when_almost_visible wpb_zoomIn zoomIn vc_custom_1772725682778\" >\n\t\t<div class=\"wpb_wrapper\">\n\t\t\t<p>Notre gallerie photos comprend des installations professionnelles telles que des all\u00e9es en <a title=\"paving stone\" href=\"https:\/\/www.lartdepierre.com\/fr\/service\/pave-uni\/\">pav\u00e9-uni<\/a> , <a href=\"https:\/\/www.lartdepierre.com\/fr\/service\/muret-de-soutenement\/\">des murs de sout\u00e8nement<\/a>, <a href=\"https:\/\/www.lartdepierre.com\/fr\/service\/drain-francais\/\">des drains fran\u00e7ais<\/a>, <a href=\"https:\/\/www.lartdepierre.com\/fr\/service\/pierre-naturelle\/\">des pierres naturelles<\/a> , <a href=\"https:\/\/www.lartdepierre.com\/fr\/service\/installation-de-piscine\/\">des abords de piscine<\/a> , <a href=\"https:\/\/www.lartdepierre.com\/fr\/service\/eclairage-paysager\/\">des \u00e9clairages paysager<\/a>, et des constructions ext\u00e9rieures compl\u00e8te.<\/p>\n\n\t\t<\/div>\n\t<\/div>\n<div class=\"vc_separator wpb_content_element vc_separator_align_center vc_sep_width_100 vc_sep_border_width_2 vc_sep_pos_align_center vc_separator_no_text wpb_content_element  wpb_content_element wpb_animate_when_almost_visible wpb_zoomIn zoomIn wpb_animate_when_almost_visible wpb_zoomIn zoomIn\" ><span class=\"vc_sep_holder vc_sep_holder_l\"><span class=\"vc_sep_line\"><\/span><\/span><span class=\"vc_sep_holder vc_sep_holder_r\"><span class=\"vc_sep_line\"><\/span><\/span>\n<\/div>\n\t<div class=\"wpb_text_column wpb_content_element wpb_animate_when_almost_visible wpb_zoomIn zoomIn vc_custom_1772115263642\" >\n\t\t<div class=\"wpb_wrapper\">\n\t\t\t<p>Chaque projet est construit selon les normes de l\u2019industrie avec des mat\u00e9riaux performants con\u00e7us pour le climat qu\u00e9b\u00e9cois. Notre travail met l\u2019accent sur l\u2019efficacit\u00e9 du drainage, la stabilit\u00e9 structurelle, la durabilit\u00e9 \u00e0 long terme et les lignes architecturales \u00e9pur\u00e9es. Les propri\u00e9taires comptent sur nous pour des solutions d'am\u00e9nagement paysager fiables qui augmentent la valeur de la propri\u00e9t\u00e9 et am\u00e9liorent la fonctionnalit\u00e9 ext\u00e9rieure.<\/p>\n\n\t\t<\/div>\n\t<\/div>\n<\/div><\/div><\/div><\/div><\/div><\/div><div class=\"vc_row wpb_row vc_row-fluid wpb_animate_when_almost_visible wpb_fadeIn fadeIn vc_custom_1771537770980\"><div class=\"container\"><div class=\"row\"><div class=\"wpb_column vc_column_container vc_col-sm-12\"><div class=\"vc_column-inner vc_custom_1771199361113\"><div class=\"wpb_wrapper\">\n<div class=\"vc_grid-container-wrapper vc_clearfix vc_grid-animation-zoomIn\">\n\t<div class=\"vc_grid-container vc_clearfix wpb_content_element vc_media_grid vc_custom_1773966795451\" data-initial-loading-animation=\"zoomIn\" data-vc-grid-settings=\"{&quot;page_id&quot;:127,&quot;style&quot;:&quot;lazy&quot;,&quot;action&quot;:&quot;vc_get_vc_grid_data&quot;,&quot;shortcode_id&quot;:&quot;1774832325158-17ef9bd7-0b9d-0&quot;,&quot;items_per_page&quot;:&quot;10&quot;,&quot;tag&quot;:&quot;vc_media_grid&quot;}\" data-vc-request=\"https:\/\/www.lartdepierre.com\/wp-admin\/admin-ajax.php\" data-vc-post-id=\"127\" data-vc-public-nonce=\"ed9b8626b6\">\n\t\t\n\t<\/div>\n<\/div><\/div><\/div><\/div><\/div><\/div><\/div>\n<\/div>","protected":false},"excerpt":{"rendered":"Landscaping | Projects gallery&hellip;","protected":false},"author":1,"featured_media":0,"parent":0,"menu_order":0,"comment_status":"closed","ping_status":"closed","template":"","meta":{"footnotes":""},"class_list":["post-127","page","type-page","status-publish","hentry","no-thumb"],"_links":{"self":[{"href":"https:\/\/www.lartdepierre.com\/fr\/wp-json\/wp\/v2\/pages\/127","targetHints":{"allow":["GET"]}}],"collection":[{"href":"https:\/\/www.lartdepierre.com\/fr\/wp-json\/wp\/v2\/pages"}],"about":[{"href":"https:\/\/www.lartdepierre.com\/fr\/wp-json\/wp\/v2\/types\/page"}],"author":[{"embeddable":true,"href":"https:\/\/www.lartdepierre.com\/fr\/wp-json\/wp\/v2\/users\/1"}],"replies":[{"embeddable":true,"href":"https:\/\/www.lartdepierre.com\/fr\/wp-json\/wp\/v2\/comments?post=127"}],"version-history":[{"count":151,"href":"https:\/\/www.lartdepierre.com\/fr\/wp-json\/wp\/v2\/pages\/127\/revisions"}],"predecessor-version":[{"id":1815,"href":"https:\/\/www.lartdepierre.com\/fr\/wp-json\/wp\/v2\/pages\/127\/revisions\/1815"}],"wp:attachment":[{"href":"https:\/\/www.lartdepierre.com\/fr\/wp-json\/wp\/v2\/media?parent=127"}],"curies":[{"name":"wp","href":"https:\/\/api.w.org\/{rel}","templated":true}]}}