{"id":1344,"date":"2026-02-18T00:14:59","date_gmt":"2026-02-18T00:14:59","guid":{"rendered":"https:\/\/www.lartdepierre.com\/?page_id=1344"},"modified":"2026-03-06T19:36:47","modified_gmt":"2026-03-06T19:36:47","slug":"tous-nos-services","status":"publish","type":"page","link":"https:\/\/www.lartdepierre.com\/fr\/tous-nos-services\/","title":{"rendered":"Construction\/installation d'am\u00e9nagement paysager"},"content":{"rendered":"<div class=\"wpb-content-wrapper\"><div data-vc-full-width=\"true\" data-vc-full-width-init=\"false\" class=\"vc_row wpb_row vc_row-fluid wpb_animate_when_almost_visible wpb_zoomIn zoomIn vc_custom_1772662527103 vc_column-gap-4 stretch_row-no-padding vc_row-o-full-height vc_row-o-columns-middle vc_row-o-equal-height vc_row-flex\"><div class=\"container-fluid\"><div class=\"row\"><div class=\"wpb_column vc_column_container vc_col-sm-12\"><div class=\"vc_column-inner\"><div class=\"wpb_wrapper\"><section class=\"vc_cta3-container\"><div class=\"vc_general vc_do_cta3 vc_cta3 vc_cta3-style-custom vc_cta3-shape-square vc_cta3-align-left vc_cta3-icon-size-md  wpb_animate_when_almost_visible wpb_zoomIn zoomIn vc_custom_1772662670416\" style=\"background-color:#FFFFFF;\"><div class=\"vc_cta3_content-container\"><div class=\"vc_cta3-content\"><header class=\"vc_cta3-content-header\"><h2 style=\"color:#60B522;\">Expert en am\u00e9nagement paysager<\/h2><h4 style=\"color:#60B522;\">Sp\u00e9cialistes de la construction ext\u00e9rieure. Construit pour durer.<\/h4><\/header><h5>Vous recherchez un \u00ab entrepreneur sp\u00e9cialis\u00e9 en am\u00e9nagement paysager haut de gamme \u00bb et professionnels ? De la conception \u00e0 l'installation, nous proposons des solutions compl\u00e8tes adapt\u00e9es aux besoins de votre propri\u00e9t\u00e9.<\/h5>\n<\/div><\/div><\/div><\/section><div class=\"vc_btn3-container  wpb_animate_when_almost_visible wpb_zoomIn zoomIn vc_btn3-center vc_custom_1772663611201 vc_do_btn\" ><a style=\"background-color:#5D615A; color:#FFFFFF;\" class=\"vc_general vc_btn3 vc_btn3-size-sm vc_btn3-shape-square vc_btn3-style-custom vc_btn3-block\" href=\"https:\/\/www.lartdepierre.com\/fr\/demande-de-soumission\/\" title=\"Demande de soumission\">Obtenez une ''ESTIMATION GRATUITE''<\/a><\/div><div class=\"fh-service  style-1\">\n                <div class=\"service-list row\"><div class=\"item-service  col-xs-12 col-sm-6 col-md-4\">\n\t\t\t\t\t<div class=\"service-content\">\n\t\t\t\t\t\t<div class=\"entry-thumbnail\">\n\t\t\t\t\t\t\t<a href=\"https:\/\/www.lartdepierre.com\/fr\/service\/installation-de-piscine\/\"><\/a>\n\t\t\t\t\t\t\t<img loading=\"lazy\" decoding=\"async\" width=\"370\" height=\"210\" src=\"https:\/\/www.lartdepierre.com\/wp-content\/uploads\/2026\/02\/paving-stones-swimming_pool-370x210.jpg\" class=\"attachment-gardenhub-blog-grid-3-thumb size-gardenhub-blog-grid-3-thumb wp-post-image\" alt=\"Custom fiberglass pool installation with patio and landscape design\" srcset=\"https:\/\/www.lartdepierre.com\/wp-content\/uploads\/2026\/02\/paving-stones-swimming_pool-370x210.jpg 370w, https:\/\/www.lartdepierre.com\/wp-content\/uploads\/2026\/02\/paving-stones-swimming_pool-570x324.jpg 570w\" sizes=\"auto, (max-width: 370px) 100vw, 370px\" \/>\n\t\t\t\t\t\t<\/div>\n\t\t\t\t\t\t<div class=\"summary\">\n\t\t\t\t\t\t\t<h2 class=\"entry-title\"><a href=\"https:\/\/www.lartdepierre.com\/fr\/service\/installation-de-piscine\/\">Installation de piscine<\/a><\/h2>\n\t\t\t\t\t\t\t<p><\/p>\n\t\t\t\t\t\t\t<a href=\"https:\/\/www.lartdepierre.com\/fr\/service\/installation-de-piscine\/\" class=\"fh-btn-3\">Read More<\/a>\n\t\t\t\t\t\t<\/div>\n\t\t\t\t\t<\/div>\n\t\t\t\t<\/div><div class=\"item-service  col-xs-12 col-sm-6 col-md-4\">\n\t\t\t\t\t<div class=\"service-content\">\n\t\t\t\t\t\t<div class=\"entry-thumbnail\">\n\t\t\t\t\t\t\t<a href=\"https:\/\/www.lartdepierre.com\/fr\/service\/drain-francais\/\"><\/a>\n\t\t\t\t\t\t\t<img loading=\"lazy\" decoding=\"async\" width=\"370\" height=\"210\" src=\"https:\/\/www.lartdepierre.com\/wp-content\/uploads\/2026\/02\/drain_winter_4112-370x210.jpg\" class=\"attachment-gardenhub-blog-grid-3-thumb size-gardenhub-blog-grid-3-thumb wp-post-image\" alt=\"Installation de drain fran\u00e7ais \u00e0 Montr\u00e9al pour prot\u00e9ger les fondations de la maison des d\u00e9g\u00e2ts d&#039;eau\" srcset=\"https:\/\/www.lartdepierre.com\/wp-content\/uploads\/2026\/02\/drain_winter_4112-370x210.jpg 370w, https:\/\/www.lartdepierre.com\/wp-content\/uploads\/2026\/02\/drain_winter_4112-570x324.jpg 570w\" sizes=\"auto, (max-width: 370px) 100vw, 370px\" \/>\n\t\t\t\t\t\t<\/div>\n\t\t\t\t\t\t<div class=\"summary\">\n\t\t\t\t\t\t\t<h2 class=\"entry-title\"><a href=\"https:\/\/www.lartdepierre.com\/fr\/service\/drain-francais\/\">Drain fran\u00e7ais<\/a><\/h2>\n\t\t\t\t\t\t\t<p><\/p>\n\t\t\t\t\t\t\t<a href=\"https:\/\/www.lartdepierre.com\/fr\/service\/drain-francais\/\" class=\"fh-btn-3\">Read More<\/a>\n\t\t\t\t\t\t<\/div>\n\t\t\t\t\t<\/div>\n\t\t\t\t<\/div><div class=\"item-service  col-xs-12 col-sm-6 col-md-4\">\n\t\t\t\t\t<div class=\"service-content\">\n\t\t\t\t\t\t<div class=\"entry-thumbnail\">\n\t\t\t\t\t\t\t<a href=\"https:\/\/www.lartdepierre.com\/fr\/service\/pave-uni\/\"><\/a>\n\t\t\t\t\t\t\t<img loading=\"lazy\" decoding=\"async\" width=\"370\" height=\"210\" src=\"https:\/\/www.lartdepierre.com\/wp-content\/uploads\/2017\/06\/driveway_pavers-1200x900-1-370x210.jpg\" class=\"attachment-gardenhub-blog-grid-3-thumb size-gardenhub-blog-grid-3-thumb wp-post-image\" alt=\"\" srcset=\"https:\/\/www.lartdepierre.com\/wp-content\/uploads\/2017\/06\/driveway_pavers-1200x900-1-370x210.jpg 370w, https:\/\/www.lartdepierre.com\/wp-content\/uploads\/2017\/06\/driveway_pavers-1200x900-1-570x324.jpg 570w\" sizes=\"auto, (max-width: 370px) 100vw, 370px\">\n\t\t\t\t\t\t<\/div>\n\t\t\t\t\t\t<div class=\"summary\">\n\t\t\t\t\t\t\t<h2 class=\"entry-title\"><a href=\"https:\/\/www.lartdepierre.com\/fr\/service\/pave-uni\/\">Pav\u00e9 uni<\/a><\/h2>\n\t\t\t\t\t\t\t<p><\/p>\n\t\t\t\t\t\t\t<a href=\"https:\/\/www.lartdepierre.com\/fr\/service\/pave-uni\/\" class=\"fh-btn-3\">Read More<\/a>\n\t\t\t\t\t\t<\/div>\n\t\t\t\t\t<\/div>\n\t\t\t\t<\/div><div class=\"item-service  col-xs-12 col-sm-6 col-md-4\">\n\t\t\t\t\t<div class=\"service-content\">\n\t\t\t\t\t\t<div class=\"entry-thumbnail\">\n\t\t\t\t\t\t\t<a href=\"https:\/\/www.lartdepierre.com\/fr\/service\/muret-de-soutenement\/\"><\/a>\n\t\t\t\t\t\t\t<img loading=\"lazy\" decoding=\"async\" width=\"370\" height=\"210\" src=\"https:\/\/www.lartdepierre.com\/wp-content\/uploads\/2026\/02\/geogrid-wall-1200x900-1-370x210.jpg\" class=\"attachment-gardenhub-blog-grid-3-thumb size-gardenhub-blog-grid-3-thumb wp-post-image\" alt=\"\" srcset=\"https:\/\/www.lartdepierre.com\/wp-content\/uploads\/2026\/02\/geogrid-wall-1200x900-1-370x210.jpg 370w, https:\/\/www.lartdepierre.com\/wp-content\/uploads\/2026\/02\/geogrid-wall-1200x900-1-570x324.jpg 570w\" sizes=\"auto, (max-width: 370px) 100vw, 370px\">\n\t\t\t\t\t\t<\/div>\n\t\t\t\t\t\t<div class=\"summary\">\n\t\t\t\t\t\t\t<h2 class=\"entry-title\"><a href=\"https:\/\/www.lartdepierre.com\/fr\/service\/muret-de-soutenement\/\">Muret de sout\u00e8nement<\/a><\/h2>\n\t\t\t\t\t\t\t<p><\/p>\n\t\t\t\t\t\t\t<a href=\"https:\/\/www.lartdepierre.com\/fr\/service\/muret-de-soutenement\/\" class=\"fh-btn-3\">Read More<\/a>\n\t\t\t\t\t\t<\/div>\n\t\t\t\t\t<\/div>\n\t\t\t\t<\/div><div class=\"item-service  col-xs-12 col-sm-6 col-md-4\">\n\t\t\t\t\t<div class=\"service-content\">\n\t\t\t\t\t\t<div class=\"entry-thumbnail\">\n\t\t\t\t\t\t\t<a href=\"https:\/\/www.lartdepierre.com\/fr\/service\/fissure-fondation\/\"><\/a>\n\t\t\t\t\t\t\t<img loading=\"lazy\" decoding=\"async\" width=\"370\" height=\"210\" src=\"https:\/\/www.lartdepierre.com\/wp-content\/uploads\/2026\/02\/polyurethane-crack-injection-1200x900-1-370x210.jpg\" class=\"attachment-gardenhub-blog-grid-3-thumb size-gardenhub-blog-grid-3-thumb wp-post-image\" alt=\"Service de r\u00e9paration de fissures de fondation r\u00e9sidentielle, solution contre infiltration et affaissement\" srcset=\"https:\/\/www.lartdepierre.com\/wp-content\/uploads\/2026\/02\/polyurethane-crack-injection-1200x900-1-370x210.jpg 370w, https:\/\/www.lartdepierre.com\/wp-content\/uploads\/2026\/02\/polyurethane-crack-injection-1200x900-1-570x324.jpg 570w\" sizes=\"auto, (max-width: 370px) 100vw, 370px\" \/>\n\t\t\t\t\t\t<\/div>\n\t\t\t\t\t\t<div class=\"summary\">\n\t\t\t\t\t\t\t<h2 class=\"entry-title\"><a href=\"https:\/\/www.lartdepierre.com\/fr\/service\/fissure-fondation\/\">Fissures dans la fondation<\/a><\/h2>\n\t\t\t\t\t\t\t<p><\/p>\n\t\t\t\t\t\t\t<a href=\"https:\/\/www.lartdepierre.com\/fr\/service\/fissure-fondation\/\" class=\"fh-btn-3\">Read More<\/a>\n\t\t\t\t\t\t<\/div>\n\t\t\t\t\t<\/div>\n\t\t\t\t<\/div><div class=\"item-service  col-xs-12 col-sm-6 col-md-4\">\n\t\t\t\t\t<div class=\"service-content\">\n\t\t\t\t\t\t<div class=\"entry-thumbnail\">\n\t\t\t\t\t\t\t<a href=\"https:\/\/www.lartdepierre.com\/fr\/service\/patio-de-bois-et-composite\/\"><\/a>\n\t\t\t\t\t\t\t<img loading=\"lazy\" decoding=\"async\" width=\"370\" height=\"210\" src=\"https:\/\/www.lartdepierre.com\/wp-content\/uploads\/2026\/02\/composite_deck-1200x800-1-370x210.jpg\" class=\"attachment-gardenhub-blog-grid-3-thumb size-gardenhub-blog-grid-3-thumb wp-post-image\" alt=\"Large wooden balcony made of brown slats or composite materials\" srcset=\"https:\/\/www.lartdepierre.com\/wp-content\/uploads\/2026\/02\/composite_deck-1200x800-1-370x210.jpg 370w, https:\/\/www.lartdepierre.com\/wp-content\/uploads\/2026\/02\/composite_deck-1200x800-1-570x324.jpg 570w\" sizes=\"auto, (max-width: 370px) 100vw, 370px\" \/>\n\t\t\t\t\t\t<\/div>\n\t\t\t\t\t\t<div class=\"summary\">\n\t\t\t\t\t\t\t<h2 class=\"entry-title\"><a href=\"https:\/\/www.lartdepierre.com\/fr\/service\/patio-de-bois-et-composite\/\">Patio bois et composite<\/a><\/h2>\n\t\t\t\t\t\t\t<p><\/p>\n\t\t\t\t\t\t\t<a href=\"https:\/\/www.lartdepierre.com\/fr\/service\/patio-de-bois-et-composite\/\" class=\"fh-btn-3\">Read More<\/a>\n\t\t\t\t\t\t<\/div>\n\t\t\t\t\t<\/div>\n\t\t\t\t<\/div><div class=\"item-service  col-xs-12 col-sm-6 col-md-4\">\n\t\t\t\t\t<div class=\"service-content\">\n\t\t\t\t\t\t<div class=\"entry-thumbnail\">\n\t\t\t\t\t\t\t<a href=\"https:\/\/www.lartdepierre.com\/fr\/service\/eclairage-paysager\/\"><\/a>\n\t\t\t\t\t\t\t<img loading=\"lazy\" decoding=\"async\" width=\"370\" height=\"210\" src=\"https:\/\/www.lartdepierre.com\/wp-content\/uploads\/2026\/02\/Landscape-home-lighting-370x210.jpg\" class=\"attachment-gardenhub-blog-grid-3-thumb size-gardenhub-blog-grid-3-thumb wp-post-image\" alt=\"Landscape home lighting\" srcset=\"https:\/\/www.lartdepierre.com\/wp-content\/uploads\/2026\/02\/Landscape-home-lighting-370x210.jpg 370w, https:\/\/www.lartdepierre.com\/wp-content\/uploads\/2026\/02\/Landscape-home-lighting-570x324.jpg 570w\" sizes=\"auto, (max-width: 370px) 100vw, 370px\" \/>\n\t\t\t\t\t\t<\/div>\n\t\t\t\t\t\t<div class=\"summary\">\n\t\t\t\t\t\t\t<h2 class=\"entry-title\"><a href=\"https:\/\/www.lartdepierre.com\/fr\/service\/eclairage-paysager\/\">\u00c9clairage paysager<\/a><\/h2>\n\t\t\t\t\t\t\t<p><\/p>\n\t\t\t\t\t\t\t<a href=\"https:\/\/www.lartdepierre.com\/fr\/service\/eclairage-paysager\/\" class=\"fh-btn-3\">Read More<\/a>\n\t\t\t\t\t\t<\/div>\n\t\t\t\t\t<\/div>\n\t\t\t\t<\/div><div class=\"item-service  col-xs-12 col-sm-6 col-md-4\">\n\t\t\t\t\t<div class=\"service-content\">\n\t\t\t\t\t\t<div class=\"entry-thumbnail\">\n\t\t\t\t\t\t\t<a href=\"https:\/\/www.lartdepierre.com\/fr\/service\/pierre-naturelle\/\"><\/a>\n\t\t\t\t\t\t\t<img loading=\"lazy\" decoding=\"async\" width=\"370\" height=\"210\" src=\"https:\/\/www.lartdepierre.com\/wp-content\/uploads\/2026\/02\/natural-rock-garden-370x210.jpg\" class=\"attachment-gardenhub-blog-grid-3-thumb size-gardenhub-blog-grid-3-thumb wp-post-image\" alt=\"Installation de pierres naturelles\" srcset=\"https:\/\/www.lartdepierre.com\/wp-content\/uploads\/2026\/02\/natural-rock-garden-370x210.jpg 370w, https:\/\/www.lartdepierre.com\/wp-content\/uploads\/2026\/02\/natural-rock-garden-570x324.jpg 570w\" sizes=\"auto, (max-width: 370px) 100vw, 370px\" \/>\n\t\t\t\t\t\t<\/div>\n\t\t\t\t\t\t<div class=\"summary\">\n\t\t\t\t\t\t\t<h2 class=\"entry-title\"><a href=\"https:\/\/www.lartdepierre.com\/fr\/service\/pierre-naturelle\/\">Pierre Naturelle<\/a><\/h2>\n\t\t\t\t\t\t\t<p><\/p>\n\t\t\t\t\t\t\t<a href=\"https:\/\/www.lartdepierre.com\/fr\/service\/pierre-naturelle\/\" class=\"fh-btn-3\">Read More<\/a>\n\t\t\t\t\t\t<\/div>\n\t\t\t\t\t<\/div>\n\t\t\t\t<\/div><div class=\"item-service  col-xs-12 col-sm-6 col-md-4\">\n\t\t\t\t\t<div class=\"service-content\">\n\t\t\t\t\t\t<div class=\"entry-thumbnail\">\n\t\t\t\t\t\t\t<a href=\"https:\/\/www.lartdepierre.com\/fr\/service\/cuisine-exterieur\/\"><\/a>\n\t\t\t\t\t\t\t<img loading=\"lazy\" decoding=\"async\" width=\"370\" height=\"210\" src=\"https:\/\/www.lartdepierre.com\/wp-content\/uploads\/2026\/02\/bbq-island-stone-370x210.jpg\" class=\"attachment-gardenhub-blog-grid-3-thumb size-gardenhub-blog-grid-3-thumb wp-post-image\" alt=\"BBQ or outdoor kitchen\" srcset=\"https:\/\/www.lartdepierre.com\/wp-content\/uploads\/2026\/02\/bbq-island-stone-370x210.jpg 370w, https:\/\/www.lartdepierre.com\/wp-content\/uploads\/2026\/02\/bbq-island-stone-570x324.jpg 570w\" sizes=\"auto, (max-width: 370px) 100vw, 370px\" \/>\n\t\t\t\t\t\t<\/div>\n\t\t\t\t\t\t<div class=\"summary\">\n\t\t\t\t\t\t\t<h2 class=\"entry-title\"><a href=\"https:\/\/www.lartdepierre.com\/fr\/service\/cuisine-exterieur\/\">Cuisine ext\u00e9rieur<\/a><\/h2>\n\t\t\t\t\t\t\t<p><\/p>\n\t\t\t\t\t\t\t<a href=\"https:\/\/www.lartdepierre.com\/fr\/service\/cuisine-exterieur\/\" class=\"fh-btn-3\">Read More<\/a>\n\t\t\t\t\t\t<\/div>\n\t\t\t\t\t<\/div>\n\t\t\t\t<\/div><\/div>\n            <\/div><\/div><\/div><\/div><\/div><\/div><\/div><div class=\"vc_row-full-width vc_clearfix\"><\/div><div class=\"vc_row wpb_row vc_row-fluid\"><div class=\"container\"><div class=\"row\"><div class=\"wpb_column vc_column_container vc_col-sm-12\"><div class=\"vc_column-inner\"><div class=\"wpb_wrapper\"><\/div><\/div><\/div><\/div><\/div><\/div>\n<\/div>","protected":false},"excerpt":{"rendered":"Votre cuisine ext\u00e9rieur","protected":false},"author":1,"featured_media":0,"parent":0,"menu_order":0,"comment_status":"closed","ping_status":"closed","template":"","meta":{"footnotes":""},"class_list":["post-1344","page","type-page","status-publish","hentry",""],"_links":{"self":[{"href":"https:\/\/www.lartdepierre.com\/fr\/wp-json\/wp\/v2\/pages\/1344","targetHints":{"allow":["GET"]}}],"collection":[{"href":"https:\/\/www.lartdepierre.com\/fr\/wp-json\/wp\/v2\/pages"}],"about":[{"href":"https:\/\/www.lartdepierre.com\/fr\/wp-json\/wp\/v2\/types\/page"}],"author":[{"embeddable":true,"href":"https:\/\/www.lartdepierre.com\/fr\/wp-json\/wp\/v2\/users\/1"}],"replies":[{"embeddable":true,"href":"https:\/\/www.lartdepierre.com\/fr\/wp-json\/wp\/v2\/comments?post=1344"}],"version-history":[{"count":135,"href":"https:\/\/www.lartdepierre.com\/fr\/wp-json\/wp\/v2\/pages\/1344\/revisions"}],"predecessor-version":[{"id":1458,"href":"https:\/\/www.lartdepierre.com\/fr\/wp-json\/wp\/v2\/pages\/1344\/revisions\/1458"}],"wp:attachment":[{"href":"https:\/\/www.lartdepierre.com\/fr\/wp-json\/wp\/v2\/media?parent=1344"}],"curies":[{"name":"wp","href":"https:\/\/api.w.org\/{rel}","templated":true}]}}