{"id":1821,"date":"2026-04-23T19:32:58","date_gmt":"2026-04-23T19:32:58","guid":{"rendered":"https:\/\/www.lartdepierre.com\/?page_id=1821"},"modified":"2026-04-26T14:13:03","modified_gmt":"2026-04-26T14:13:03","slug":"landscaping-installer-job-landscaper-montreal","status":"publish","type":"page","link":"https:\/\/www.lartdepierre.com\/fr\/landscaping-installer-job-landscaper-montreal\/","title":{"rendered":"Emploi d'installateur paysagiste \u00e0 Montr\u00e9al"},"content":{"rendered":"<div class=\"wpb-content-wrapper\"><div class=\"vc_row wpb_row vc_row-fluid\"><div class=\"container\"><div class=\"row\"><div class=\"wpb_column vc_column_container vc_col-sm-12\"><div class=\"vc_column-inner\"><div class=\"wpb_wrapper\">\n\t<div  class=\"wpb_single_image wpb_content_element vc_align_left wpb_content_element vc_custom_1777212591170\">\n\t\t\n\t\t<figure class=\"wpb_wrapper vc_figure\">\n\t\t\t<div class=\"vc_single_image-wrapper vc_box_outline_circle  vc_box_border_green\"><img loading=\"lazy\" decoding=\"async\" width=\"150\" height=\"150\" src=\"https:\/\/www.lartdepierre.com\/wp-content\/uploads\/2017\/06\/pdtl1-150x150.jpg\" class=\"vc_single_image-img attachment-thumbnail\" alt=\"\" title=\"pdtl1\" srcset=\"https:\/\/www.lartdepierre.com\/wp-content\/uploads\/2017\/06\/pdtl1-150x150.jpg 150w, https:\/\/www.lartdepierre.com\/wp-content\/uploads\/2017\/06\/pdtl1-300x297.jpg 300w, https:\/\/www.lartdepierre.com\/wp-content\/uploads\/2017\/06\/pdtl1-75x75.jpg 75w, https:\/\/www.lartdepierre.com\/wp-content\/uploads\/2017\/06\/pdtl1-270x270.jpg 270w, https:\/\/www.lartdepierre.com\/wp-content\/uploads\/2017\/06\/pdtl1-80x80.jpg 80w\" sizes=\"auto, (max-width: 150px) 100vw, 150px\"><\/div>\n\t\t<\/figure>\n\t<\/div>\n\n\t<div class=\"wpb_text_column wpb_content_element vc_custom_1777212791114\" >\n\t\t<div class=\"wpb_wrapper\">\n\t\t\t<div class=\"pro-recruitment-container\">\n<div class=\"pro-header\">\n<h1>Opportunit\u00e9 de carri\u00e8re<\/h1>\n<p>Joins-toi \u00e0 notre \u00e9quipe d\u2019am\u00e9nagement paysager \u2013 Nous embauchons!<\/p>\n<\/div>\n<div class=\"pro-content\">\n<p class=\"pro-intro\">Nous sommes \u00e0 la recherche de jeunes motiv\u00e9s qui veulent apprendre, \u00e9voluer et faire partie d\u2019une des meilleures \u00e9quipes d\u2019am\u00e9nagement paysager.<br \/>\nL'exp\u00e9rience n'est pas une condition pr\u00e9alable\u00a0; nous offrons une formation professionnelle compl\u00e8te aux candidats ayant la bonne attitude.<\/p>\n<div class=\"pro-grid\">\n<div class=\"pro-section\">\n<h2>Formation technique<\/h2>\n<ul class=\"pro-list\">\n<li>Construction de murs de sout\u00e8nement<\/li>\n<li>Installation de pav\u00e9s et d\u2019interlock<\/li>\n<li>R\u00e9alisation de projets ext\u00e9rieurs haut de gamme<\/li>\n<li>Equipement professionnel<\/li>\n<\/ul>\n<\/div>\n<div class=\"pro-section\">\n<h2>Profil du candidat recherch\u00e9<\/h2>\n<ul class=\"pro-list\">\n<li>Une attitude responsable et travaillante<\/li>\n<li>L\u2019envie d\u2019apprendre et de travailler en \u00e9quipe<\/li>\n<li><strong>Permis de conduire (obligatoire)<\/strong><\/li>\n<li>Habilit\u00e9 a travailler pour un travail physique<\/li>\n<\/ul>\n<\/div>\n<\/div>\n<div class=\"pro-details-box\">\n<p>&nbsp;<\/p>\n<p>Horaire\u00a0: Possibilit\u00e9 d'horaire flexible (3 \u00e0 5 jours par semaine). Id\u00e9al pour les \u00e9tudiants ou les personnes en recherche d\u2019emploi.<\/p>\n<p>Heures : Les op\u00e9rations se d\u00e9roulent g\u00e9n\u00e9ralement de 6h30 \u00e0 18h00.<\/p>\n<p>Opportunit\u00e9 : Acqu\u00e9rir une ma\u00eetrise d'un m\u00e9tier sp\u00e9cialis\u00e9 et contribuer \u00e0 des projets de qualit\u00e9 durable.<\/p>\n<\/div>\n<div class=\"pro-apply-section\">\n<h3>Comment appliquer pour ce poste?<\/h3>\n<div class=\"contact-grid\">\n<p><a class=\"pro-button\" href=\"mailto:Mike@lartdepierre.com\">Envoyer votre cv par courriel<\/a><br \/>\n<a class=\"pro-button outline\" href=\"sms:+15148258820\">Envoyer votre cv par sms<\/a><\/p>\n<\/div>\n<\/div>\n<p>&nbsp;<\/p>\n<p class=\"pro-footer-text\">Les candidats retenus seront contact\u00e9s pour un entretien dans un d\u00e9lai de 1 \u00e0 5 jours ouvrables.<\/p>\n<\/div>\n<\/div>\n\n\t\t<\/div>\n\t<\/div>\n<div class=\"vc_separator wpb_content_element vc_separator_align_center vc_sep_width_100 vc_sep_pos_align_center vc_separator_no_text vc_sep_color_grey vc_custom_1777126622791 wpb_content_element  vc_custom_1777126622791 wpb_content_element\" ><span class=\"vc_sep_holder vc_sep_holder_l\"><span class=\"vc_sep_line\"><\/span><\/span><span class=\"vc_sep_holder vc_sep_holder_r\"><span class=\"vc_sep_line\"><\/span><\/span>\n<\/div>\n<div class=\"wpcf7 no-js\" id=\"wpcf7-f1827-o1\" lang=\"en-US\" dir=\"ltr\" data-wpcf7-id=\"1827\">\n<div class=\"screen-reader-response\"><p role=\"status\" aria-live=\"polite\" aria-atomic=\"true\"><\/p> <ul><\/ul><\/div>\n<form action=\"\/fr\/wp-json\/wp\/v2\/pages\/1821#wpcf7-f1827-o1\" method=\"post\" class=\"wpcf7-form init\" aria-label=\"Contact form\" enctype=\"multipart\/form-data\" novalidate=\"novalidate\" data-status=\"init\" data-trp-original-action=\"\/fr\/wp-json\/wp\/v2\/pages\/1821#wpcf7-f1827-o1\">\n<fieldset class=\"hidden-fields-container\"><input type=\"hidden\" name=\"_wpcf7\" value=\"1827\" \/><input type=\"hidden\" name=\"_wpcf7_version\" value=\"6.1.4\" \/><input type=\"hidden\" name=\"_wpcf7_locale\" value=\"en_US\" \/><input type=\"hidden\" name=\"_wpcf7_unit_tag\" value=\"wpcf7-f1827-o1\" \/><input type=\"hidden\" name=\"_wpcf7_container_post\" value=\"0\" \/><input type=\"hidden\" name=\"_wpcf7_posted_data_hash\" value=\"\" \/>\n<\/fieldset>\n<p><label> Nom<br \/>\n<span class=\"wpcf7-form-control-wrap\" data-name=\"your-name\"><input size=\"40\" maxlength=\"400\" class=\"wpcf7-form-control wpcf7-text wpcf7-validates-as-required\" autocomplete=\"name\" aria-required=\"true\" aria-invalid=\"false\" value=\"\" type=\"text\" name=\"your-name\" \/><\/span> <\/label>\n<\/p>\n<p><label> Courriel<br \/>\n<span class=\"wpcf7-form-control-wrap\" data-name=\"your-email\"><input size=\"40\" maxlength=\"400\" class=\"wpcf7-form-control wpcf7-email wpcf7-validates-as-required wpcf7-text wpcf7-validates-as-email\" autocomplete=\"email\" aria-required=\"true\" aria-invalid=\"false\" value=\"\" type=\"email\" name=\"your-email\" \/><\/span> <\/label>\n<\/p>\n<p><label>Pr\u00e9sentez-vous en quelques mots !<br \/>\n<span class=\"wpcf7-form-control-wrap\" data-name=\"your-message\"><textarea cols=\"40\" rows=\"10\" maxlength=\"2000\" class=\"wpcf7-form-control wpcf7-textarea\" aria-invalid=\"false\" name=\"your-message\"><\/textarea><\/span> <\/label>\n<\/p>\n<p>T\u00e9l\u00e9charger votre cv ici! (.pdf .doc .docx) 2 meg max<br \/>\n<span class=\"wpcf7-form-control-wrap\" data-name=\"file-775\"><input size=\"40\" class=\"wpcf7-form-control wpcf7-file\" accept=\".pdf,.doc,.docx\" aria-invalid=\"false\" type=\"file\" name=\"file-775\" \/><\/span>\n<\/p>\n<p><input class=\"wpcf7-form-control wpcf7-submit has-spinner\" type=\"submit\" value=\"Soumettre\" \/>\n<\/p><div class=\"wpcf7-response-output\" aria-hidden=\"true\"><\/div>\n<input type=\"hidden\" name=\"trp-form-language\" value=\"fr\"\/><\/form>\n<\/div>\n<\/div><\/div><\/div><\/div><\/div><\/div><div class=\"vc_row wpb_row vc_row-fluid\"><div class=\"container\"><div class=\"row\"><div class=\"wpb_column vc_column_container vc_col-sm-12\"><div class=\"vc_column-inner\"><div class=\"wpb_wrapper\"><\/div><\/div><\/div><\/div><\/div><\/div>\n<\/div>","protected":false},"excerpt":{"rendered":"Career Opportunities Join Our&hellip;","protected":false},"author":1,"featured_media":0,"parent":0,"menu_order":0,"comment_status":"closed","ping_status":"closed","template":"","meta":{"footnotes":""},"class_list":["post-1821","page","type-page","status-publish","hentry","no-thumb"],"_links":{"self":[{"href":"https:\/\/www.lartdepierre.com\/fr\/wp-json\/wp\/v2\/pages\/1821","targetHints":{"allow":["GET"]}}],"collection":[{"href":"https:\/\/www.lartdepierre.com\/fr\/wp-json\/wp\/v2\/pages"}],"about":[{"href":"https:\/\/www.lartdepierre.com\/fr\/wp-json\/wp\/v2\/types\/page"}],"author":[{"embeddable":true,"href":"https:\/\/www.lartdepierre.com\/fr\/wp-json\/wp\/v2\/users\/1"}],"replies":[{"embeddable":true,"href":"https:\/\/www.lartdepierre.com\/fr\/wp-json\/wp\/v2\/comments?post=1821"}],"version-history":[{"count":66,"href":"https:\/\/www.lartdepierre.com\/fr\/wp-json\/wp\/v2\/pages\/1821\/revisions"}],"predecessor-version":[{"id":1896,"href":"https:\/\/www.lartdepierre.com\/fr\/wp-json\/wp\/v2\/pages\/1821\/revisions\/1896"}],"wp:attachment":[{"href":"https:\/\/www.lartdepierre.com\/fr\/wp-json\/wp\/v2\/media?parent=1821"}],"curies":[{"name":"wp","href":"https:\/\/api.w.org\/{rel}","templated":true}]}}