{"id":332,"date":"2017-06-20T03:00:11","date_gmt":"2017-06-20T03:00:11","guid":{"rendered":"http:\/\/demo2.steelthemes.com\/gardenhub\/?page_id=332"},"modified":"2026-03-08T22:01:41","modified_gmt":"2026-03-08T22:01:41","slug":"demande-de-soumission","status":"publish","type":"page","link":"https:\/\/www.lartdepierre.com\/fr\/demande-de-soumission\/","title":{"rendered":"Request A Free Quote"},"content":{"rendered":"<div class=\"wpb-content-wrapper\"><div class=\"vc_row wpb_row vc_row-fluid vc_custom_1496387221572 overlay-enable parallax no-parallax-mobile\"><div class=\"overlay\" style=\"background-color:#fafafa\"><\/div><div class=\"container\"><div class=\"row\"><div class=\"wpb_column vc_column_container vc_col-sm-12\"><div class=\"vc_column-inner\"><div class=\"wpb_wrapper\"><div class=\"fh-section-title clearfix  text-center style-1 version-dark\"><div class=\"container\"><h2>Demander un  <span class=\"main-color\"> devis gratuit<\/span><\/h2><\/div><\/div><h1 style=\"font-size: 20px;text-align: left\" class=\"vc_custom_heading vc_do_custom_heading wpb_animate_when_almost_visible wpb_zoomIn zoomIn vc_custom_1773007084427\" >Vous planifiez un projet d'am\u00e9nagement paysager?<\/h1><h1 style=\"font-size: 16px;color: #616060;text-align: left\" class=\"vc_custom_heading vc_do_custom_heading wpb_animate_when_almost_visible wpb_zoomIn zoomIn vc_custom_1773007194908\" >Demandez un devis pour votre projet de construction et d'am\u00e9nagement paysager !<\/h1>\n\t<div class=\"wpb_text_column wpb_content_element wpb_animate_when_almost_visible wpb_zoomIn zoomIn\" >\n\t\t<div class=\"wpb_wrapper\">\n\t\t\t<p><strong>Notre \u00e9quipe est sp\u00e9cialis\u00e9e dans la construction et l\u2019installation d'am\u00e9nagement paysager professionnelles pour les espaces ext\u00e9rieurs r\u00e9sidentiels.\u00a0 <\/strong>Des terrasses et all\u00e9es en pav\u00e9 uni aux syst\u00e8mes de drainage, en passant par l'installation de piscine et les transformations compl\u00e8tes de cours arri\u00e8re, nous construisons des am\u00e9nagement de qualit\u00e9 et con\u00e7us pour durer.<\/p>\n\n\t\t<\/div>\n\t<\/div>\n<div class=\"vc_row wpb_row vc_inner vc_row-fluid vc_custom_1496387574834 vc_row-has-fill\"><div class=\"wpb_column vc_column_container vc_col-sm-8\"><div class=\"vc_column-inner\"><div class=\"wpb_wrapper\">\n<div class=\"wpcf7 no-js\" id=\"wpcf7-f750-o1\" lang=\"en-US\" dir=\"ltr\" data-wpcf7-id=\"750\">\n<div class=\"screen-reader-response\"><p role=\"status\" aria-live=\"polite\" aria-atomic=\"true\"><\/p> <ul><\/ul><\/div>\n<form action=\"\/fr\/wp-json\/wp\/v2\/pages\/332#wpcf7-f750-o1\" method=\"post\" class=\"wpcf7-form init\" aria-label=\"Contact form\" novalidate=\"novalidate\" data-status=\"init\" data-trp-original-action=\"\/fr\/wp-json\/wp\/v2\/pages\/332#wpcf7-f750-o1\">\n<fieldset class=\"hidden-fields-container\"><input type=\"hidden\" name=\"_wpcf7\" value=\"750\" \/><input type=\"hidden\" name=\"_wpcf7_version\" value=\"6.1.4\" \/><input type=\"hidden\" name=\"_wpcf7_locale\" value=\"en_US\" \/><input type=\"hidden\" name=\"_wpcf7_unit_tag\" value=\"wpcf7-f750-o1\" \/><input type=\"hidden\" name=\"_wpcf7_container_post\" value=\"0\" \/><input type=\"hidden\" name=\"_wpcf7_posted_data_hash\" value=\"\" \/>\n<\/fieldset>\n<div class=\"fh-form fh-form-3\">\n\t<div class=\"row\">\n\t\t<div class=\"col-md-6 col-sm-6 col-xs-12\">\n\t\t\t<p class=\"field\"><span class=\"wpcf7-form-control-wrap\" data-name=\"your-name\"><input size=\"40\" maxlength=\"400\" class=\"wpcf7-form-control wpcf7-text wpcf7-validates-as-required\" aria-required=\"true\" aria-invalid=\"false\" placeholder=\"Nom\/pr\u00e9nom*\" value=\"\" type=\"text\" name=\"your-name\" \/><\/span>\n\t\t\t<\/p>\n\t\t\t<p class=\"field\"><span class=\"wpcf7-form-control-wrap\" data-name=\"your-email\"><input size=\"40\" maxlength=\"400\" class=\"wpcf7-form-control wpcf7-email wpcf7-validates-as-required wpcf7-text wpcf7-validates-as-email\" aria-required=\"true\" aria-invalid=\"false\" placeholder=\"Courriel*\" value=\"\" type=\"email\" name=\"your-email\" \/><\/span>\n\t\t\t<\/p>\n\t\t\t<p class=\"field\"><span class=\"wpcf7-form-control-wrap\" data-name=\"your-tel\"><input size=\"40\" maxlength=\"400\" class=\"wpcf7-form-control wpcf7-text wpcf7-validates-as-required\" aria-required=\"true\" aria-invalid=\"false\" placeholder=\"T\u00e9l\u00e9phone*\" value=\"\" type=\"text\" name=\"your-tel\" \/><\/span>\n\t\t\t<\/p>\n\t\t\t<p class=\"field\"><span class=\"wpcf7-form-control-wrap\" data-name=\"your-city\"><input size=\"40\" maxlength=\"400\" class=\"wpcf7-form-control wpcf7-text wpcf7-validates-as-required\" aria-required=\"true\" aria-invalid=\"false\" placeholder=\"Ville* &amp; r\u00e9gion*\" value=\"\" type=\"text\" name=\"your-city\" \/><\/span>\n\t\t\t<\/p>\n\t\t\t<p class=\"field\"><span class=\"wpcf7-form-control-wrap\" data-name=\"menu-504\"><select class=\"wpcf7-form-control wpcf7-select\" aria-invalid=\"false\" name=\"menu-504\"><option value=\"Service  *\">Service  *<\/option><option value=\"Pool Installation\">Installation de piscine<\/option><option value=\"French Drain\">Drain fran\u00e7ais<\/option><option value=\"Landscape Lighting\">\u00c9clairage paysager<\/option><option value=\"Paving Stone\">Pav\u00e9 uni<\/option><option value=\"Outdoor Kitchen\">Cuisine ext\u00e9rieur<\/option><option value=\"Conception Plan\">Conception Plan<\/option><option value=\"Fondation Crack Repair\">Injection de fissure<\/option><option value=\"Retaining Wall\">Muret de sout\u00e8nement<\/option><option value=\"Natural Stones\">Pierre naturelle<\/option><\/select><\/span>\n\t\t\t<\/p>\n\t\t<\/div>\n\t\t<div class=\"col-md-6 col-sm-6 col-xs-12\">\n\t\t\t<p class=\"field single-field\"><span class=\"wpcf7-form-control-wrap\" data-name=\"your-message\"><textarea cols=\"40\" rows=\"10\" maxlength=\"2000\" class=\"wpcf7-form-control wpcf7-textarea\" aria-invalid=\"false\" placeholder=\"Votre message\" name=\"your-message\"><\/textarea><\/span>\n\t\t\t<\/p>\n\t\t<\/div>\n\t\t<div class=\"col-md-12 col-sm-12 col-xs-12\">\n\t\t\t<p class=\"field submit\"><input class=\"wpcf7-form-control wpcf7-submit has-spinner fh-btn\" type=\"submit\" value=\"Soumettre\" \/>\n\t\t\t<\/p>\n\t\t<\/div>\n\t<\/div>\n<\/div><div class=\"wpcf7-response-output\" aria-hidden=\"true\"><\/div>\n<input type=\"hidden\" name=\"trp-form-language\" value=\"fr\"\/><\/form>\n<\/div>\n<\/div><\/div><\/div><div class=\"wpb_column vc_column_container vc_col-sm-4\"><div class=\"vc_column-inner\"><div class=\"wpb_wrapper\"><div class=\"fh-contact-box  style-1\">\n\t\t\t\t<h3 class=\"contact-box-title translation-block\">D\u00e9tails:<span class=\"main-color\"> Contact<\/span><\/h3>\n                <div class=\"info\"><div class=\"info-item\"><span class=\"fh-icon\"><i class=\"fa fa-map-marker\"><\/i><\/span><div class=\"details\">Adresse: Kirkland, Qu\u00e9bec<\/div><\/div><div class=\"info-item\"><span class=\"fh-icon\"><i class=\"fa fa-phone\"><\/i><\/span><div class=\"details\">T\u00e9l\u00e9phone: (514) 825-8820\n<\/div><\/div><div class=\"info-item\"><span class=\"fh-icon\"><i class=\"fa fa-envelope\"><\/i><\/span><div class=\"details\">Courriel: info@lartdepierre.com<\/div><\/div><\/div>\n            <\/div><\/div><\/div><\/div><\/div><\/div><\/div><\/div><\/div><\/div><\/div>\n<\/div>","protected":false},"excerpt":{"rendered":"Get A FREE QUOTEPlanning&hellip;","protected":false},"author":1,"featured_media":0,"parent":0,"menu_order":0,"comment_status":"closed","ping_status":"closed","template":"template-fullwidth.php","meta":{"footnotes":""},"class_list":["post-332","page","type-page","status-publish","hentry","no-thumb"],"_links":{"self":[{"href":"https:\/\/www.lartdepierre.com\/fr\/wp-json\/wp\/v2\/pages\/332","targetHints":{"allow":["GET"]}}],"collection":[{"href":"https:\/\/www.lartdepierre.com\/fr\/wp-json\/wp\/v2\/pages"}],"about":[{"href":"https:\/\/www.lartdepierre.com\/fr\/wp-json\/wp\/v2\/types\/page"}],"author":[{"embeddable":true,"href":"https:\/\/www.lartdepierre.com\/fr\/wp-json\/wp\/v2\/users\/1"}],"replies":[{"embeddable":true,"href":"https:\/\/www.lartdepierre.com\/fr\/wp-json\/wp\/v2\/comments?post=332"}],"version-history":[{"count":48,"href":"https:\/\/www.lartdepierre.com\/fr\/wp-json\/wp\/v2\/pages\/332\/revisions"}],"predecessor-version":[{"id":1653,"href":"https:\/\/www.lartdepierre.com\/fr\/wp-json\/wp\/v2\/pages\/332\/revisions\/1653"}],"wp:attachment":[{"href":"https:\/\/www.lartdepierre.com\/fr\/wp-json\/wp\/v2\/media?parent=332"}],"curies":[{"name":"wp","href":"https:\/\/api.w.org\/{rel}","templated":true}]}}