{"id":73,"date":"2017-06-12T04:35:29","date_gmt":"2017-06-12T04:35:29","guid":{"rendered":"http:\/\/demo2.steelthemes.com\/gardenhub\/?page_id=73"},"modified":"2026-03-05T14:12:13","modified_gmt":"2026-03-05T14:12:13","slug":"nous-joindre","status":"publish","type":"page","link":"https:\/\/www.lartdepierre.com\/fr\/nous-joindre\/","title":{"rendered":"Nous joindre"},"content":{"rendered":"<div class=\"wpb-content-wrapper\"><div class=\"vc_row wpb_row vc_row-fluid vc_custom_1770303830430\"><div class=\"container\"><div class=\"row\"><div class=\"wpb_animate_when_almost_visible wpb_zoomIn zoomIn wpb_column vc_column_container vc_col-sm-4\"><div class=\"vc_column-inner vc_custom_1771640535293\"><div class=\"wpb_wrapper\"><div class=\"fh-section-title clearfix  text-left style-2 version-dark\"><div class=\"container\"><h2 class=\"translation-block\">D\u00e9tails:<span class=\"main-color\"> Contact<\/span><\/h2><\/div><\/div><div class=\"vc_row wpb_row vc_inner vc_row-fluid vc_custom_1770303876647\"><div class=\"wpb_column vc_column_container vc_col-sm-12\"><div class=\"vc_column-inner\"><div class=\"wpb_wrapper\"><div class=\"fh-contact-box  style-1\">\n\t\t\t\t<h3 class=\"contact-box-title\"><\/h3>\n                <div class=\"info\"><div class=\"info-item\"><span class=\"fh-icon\"><i class=\"flaticon-globe\"><\/i><\/span><div class=\"details\">Kirkland, Qu\u00e9bec, Canada<\/div><\/div><div class=\"info-item\"><span class=\"fh-icon\"><i class=\"flaticon-web\"><\/i><\/span><div class=\"details\">info@lartdepierre.com\n<\/div><\/div><div class=\"info-item\"><span class=\"fh-icon\"><i class=\"fa fa-phone\"><\/i><\/span><div class=\"details\">(514) 825-8820<\/div><\/div><\/div>\n            <\/div><\/div><\/div><\/div><\/div><div class=\"fh-section-title clearfix  text-left style-2 version-dark\"><div class=\"container\"><h2>Heures <span class=\"main-color\">d'ouverture<\/span><\/h2><\/div><\/div>\n\t<div class=\"wpb_text_column wpb_content_element vc_custom_1771523171511\" >\n\t\t<div class=\"wpb_wrapper\">\n\t\t\t<p>Lundi au Vendredi: 8 \u00e0 16h00<br \/>\nSamedi: 8 \u00e0 16h00<br \/>\n<strong>Dimanche: Ferm\u00e9<\/strong><\/p>\n\n\t\t<\/div>\n\t<\/div>\n<\/div><\/div><\/div><div class=\"wpb_animate_when_almost_visible wpb_zoomIn zoomIn wpb_column vc_column_container vc_col-sm-8\"><div class=\"vc_column-inner vc_custom_1771640547399\"><div class=\"wpb_wrapper\"><div class=\"fh-section-title clearfix  text-left style-2 version-dark\"><div class=\"container\"><h2>Envoyez <span class=\"main-color\">un message<\/span><\/h2><\/div><\/div><div class=\"vc_row wpb_row vc_inner vc_row-fluid contact-page vc_custom_1770844240416\"><div class=\"wpb_column vc_column_container vc_col-sm-12\"><div class=\"vc_column-inner\"><div class=\"wpb_wrapper\">\n\t<div class=\"wpb_text_column wpb_content_element vc_custom_1772298883617\" >\n\t\t<div class=\"wpb_wrapper\">\n\t\t\t<h4>Contactez nos experts en am\u00e9nagement paysager<\/h4>\n<p>Nous d\u00e9sservons Montr\u00e9al et ses environs<\/p>\n<p>Vous envisagez une transformation de votre am\u00e9nagement paysager?<br data-start=\"810\" data-end=\"813\" \/>Notre \u00e9quipe est sp\u00e9cialis\u00e9e dans la construction et l\u2019installation d\u2019am\u00e9nagements paysagers professionnels.Contactez-nous d\u00e8s aujourd'hui pour discuter de votre projet et recevoir une estimation d\u00e9taill\u00e9e.<\/p>\n\n\t\t<\/div>\n\t<\/div>\n\n<div class=\"wpcf7 no-js\" id=\"wpcf7-f64-o1\" lang=\"en-US\" dir=\"ltr\" data-wpcf7-id=\"64\">\n<div class=\"screen-reader-response\"><p role=\"status\" aria-live=\"polite\" aria-atomic=\"true\"><\/p> <ul><\/ul><\/div>\n<form action=\"\/fr\/wp-json\/wp\/v2\/pages\/73#wpcf7-f64-o1\" method=\"post\" class=\"wpcf7-form init\" aria-label=\"Contact form\" novalidate=\"novalidate\" data-status=\"init\" data-trp-original-action=\"\/fr\/wp-json\/wp\/v2\/pages\/73#wpcf7-f64-o1\">\n<fieldset class=\"hidden-fields-container\"><input type=\"hidden\" name=\"_wpcf7\" value=\"64\" \/><input type=\"hidden\" name=\"_wpcf7_version\" value=\"6.1.4\" \/><input type=\"hidden\" name=\"_wpcf7_locale\" value=\"en_US\" \/><input type=\"hidden\" name=\"_wpcf7_unit_tag\" value=\"wpcf7-f64-o1\" \/><input type=\"hidden\" name=\"_wpcf7_container_post\" value=\"0\" \/><input type=\"hidden\" name=\"_wpcf7_posted_data_hash\" value=\"\" \/>\n<\/fieldset>\n<div class=\"fh-form fh-form-3\">\n\t<div class=\"row\">\n\t\t<div class=\"col-md-6 col-sm-6 col-xs-12\">\n\t\t\t<p class=\"field\"><span class=\"wpcf7-form-control-wrap\" data-name=\"your-name\"><input size=\"40\" maxlength=\"400\" class=\"wpcf7-form-control wpcf7-text wpcf7-validates-as-required\" aria-required=\"true\" aria-invalid=\"false\" placeholder=\"Nom\/pr\u00e9nom*\" value=\"\" type=\"text\" name=\"your-name\" \/><\/span>\n\t\t\t<\/p>\n\t\t\t<p class=\"field\"><span class=\"wpcf7-form-control-wrap\" data-name=\"your-email\"><input size=\"40\" maxlength=\"400\" class=\"wpcf7-form-control wpcf7-email wpcf7-validates-as-required wpcf7-text wpcf7-validates-as-email\" aria-required=\"true\" aria-invalid=\"false\" placeholder=\"Courriel*\" value=\"\" type=\"email\" name=\"your-email\" \/><\/span>\n\t\t\t<\/p>\n\t\t\t<p class=\"field\"><span class=\"wpcf7-form-control-wrap\" data-name=\"menu-504\"><select class=\"wpcf7-form-control wpcf7-select\" aria-invalid=\"false\" name=\"menu-504\"><option value=\"Service *\">Service *<\/option><option value=\"General Information\">General Information<\/option><option value=\"Conception Plan\">Conception Plan<\/option><\/select><\/span>\n\t\t\t<\/p>\n\t\t<\/div>\n\t\t<div class=\"col-md-6 col-sm-6 col-xs-12\">\n\t\t\t<p class=\"field single-field\"><span class=\"wpcf7-form-control-wrap\" data-name=\"your-message\"><textarea cols=\"40\" rows=\"10\" maxlength=\"2000\" class=\"wpcf7-form-control wpcf7-textarea\" aria-invalid=\"false\" placeholder=\"Votre message\" name=\"your-message\"><\/textarea><\/span>\n\t\t\t<\/p>\n\t\t<\/div>\n\t\t<div class=\"col-md-12 col-sm-12 col-xs-12\">\n\t\t\t<p class=\"field submit\"><input class=\"wpcf7-form-control wpcf7-submit has-spinner fh-btn\" type=\"submit\" value=\"Soumettre\" \/>\n\t\t\t<\/p>\n\t\t<\/div>\n\t<\/div>\n<\/div><div class=\"wpcf7-response-output\" aria-hidden=\"true\"><\/div>\n<input type=\"hidden\" name=\"trp-form-language\" value=\"fr\"\/><\/form>\n<\/div>\n<\/div><\/div><\/div><\/div><\/div><\/div><\/div><\/div><\/div><\/div><div data-vc-full-width=\"true\" data-vc-full-width-init=\"false\" data-vc-stretch-content=\"true\" class=\"vc_row wpb_row vc_row-fluid vc_row-no-padding\"><div class=\"container-fluid\"><div class=\"row\"><div class=\"wpb_column vc_column_container vc_col-sm-12\"><div class=\"vc_column-inner vc_custom_1770324749429\"><div class=\"wpb_wrapper\"><div class=\"wpb_gmaps_widget wpb_content_element\"><div class=\"wpb_wrapper\"><div class=\"wpb_map_wraper\"><iframe src=\"https:\/\/www.google.com\/maps\/embed?pb=!1m14!1m12!1m3!1d22390.672825663667!2d-73.88938708199605!3d45.452999053865646!2m3!1f0!2f0!3f0!3m2!1i1024!2i768!4f13.1!5e0!3m2!1sfr!2sca!4v1770226993733!5m2!1sfr!2sca\" width=\"600\" height=\"450\" style=\"border:0;\" allowfullscreen=\"\" loading=\"lazy\" referrerpolicy=\"no-referrer-when-downgrade\"><\/iframe><\/div><\/div><\/div><\/div><\/div><\/div><\/div><\/div><\/div><div class=\"vc_row-full-width vc_clearfix\"><\/div>\n<\/div>","protected":false},"excerpt":{"rendered":"Contact Details Kirkland, Quebec,&hellip;","protected":false},"author":1,"featured_media":0,"parent":0,"menu_order":0,"comment_status":"closed","ping_status":"closed","template":"template-fullwidth.php","meta":{"footnotes":""},"class_list":["post-73","page","type-page","status-publish","hentry","no-thumb"],"_links":{"self":[{"href":"https:\/\/www.lartdepierre.com\/fr\/wp-json\/wp\/v2\/pages\/73","targetHints":{"allow":["GET"]}}],"collection":[{"href":"https:\/\/www.lartdepierre.com\/fr\/wp-json\/wp\/v2\/pages"}],"about":[{"href":"https:\/\/www.lartdepierre.com\/fr\/wp-json\/wp\/v2\/types\/page"}],"author":[{"embeddable":true,"href":"https:\/\/www.lartdepierre.com\/fr\/wp-json\/wp\/v2\/users\/1"}],"replies":[{"embeddable":true,"href":"https:\/\/www.lartdepierre.com\/fr\/wp-json\/wp\/v2\/comments?post=73"}],"version-history":[{"count":33,"href":"https:\/\/www.lartdepierre.com\/fr\/wp-json\/wp\/v2\/pages\/73\/revisions"}],"predecessor-version":[{"id":1748,"href":"https:\/\/www.lartdepierre.com\/fr\/wp-json\/wp\/v2\/pages\/73\/revisions\/1748"}],"wp:attachment":[{"href":"https:\/\/www.lartdepierre.com\/fr\/wp-json\/wp\/v2\/media?parent=73"}],"curies":[{"name":"wp","href":"https:\/\/api.w.org\/{rel}","templated":true}]}}