{"id":76,"date":"2017-06-12T04:36:30","date_gmt":"2017-06-12T04:36:30","guid":{"rendered":"http:\/\/demo2.steelthemes.com\/gardenhub\/?page_id=76"},"modified":"2026-03-25T01:15:07","modified_gmt":"2026-03-25T01:15:07","slug":"a-propos","status":"publish","type":"page","link":"https:\/\/www.lartdepierre.com\/fr\/a-propos\/","title":{"rendered":"A propos"},"content":{"rendered":"<div class=\"wpb-content-wrapper\"><div class=\"vc_row wpb_row vc_row-fluid vc_custom_1772122022973\"><div class=\"container\"><div class=\"row\"><div class=\"wpb_animate_when_almost_visible wpb_zoomIn zoomIn wpb_column vc_column_container vc_col-sm-8\"><div class=\"vc_column-inner vc_custom_1771640613511\"><div class=\"wpb_wrapper\"><div class=\"fh-section-title clearfix  text-left style-1 version-dark\"><div class=\"container\"><h2>A propos <span class=\"main-color\">de l'entreprise<\/span><\/h2><\/div><\/div>\n\t<div class=\"wpb_text_column wpb_content_element vc_custom_1771022318233\" >\n\t\t<div class=\"wpb_wrapper\">\n\t\t\t\n\t\t<\/div>\n\t<\/div>\n<h2 style=\"font-size: 30px;text-align: left\" class=\"vc_custom_heading vc_do_custom_heading wpb_animate_when_almost_visible wpb_zoomIn zoomIn\" >\u00c0 propos de nous<\/h2>\n\t<div class=\"wpb_text_column wpb_content_element vc_custom_1772725911226\" >\n\t\t<div class=\"wpb_wrapper\">\n\t\t\t<p>Initialement bas\u00e9e \u00e0 Saint-Polycarpe, au Qu\u00e9bec, et appartenant \u00e0 Erick Bergeron, L\u2019art de pierre a \u00e9t\u00e9 fond\u00e9e en <span lang=\"EN-CA\">2011, en tant que petite entreprise d'am\u00e9nagement paysager.\u00a0<\/span>En 2014 L\u2019art de pierre fusionne avec Les entreprises L.A.<\/p>\n<p class=\"x_MsoNormal\"><strong><span lang=\"EN-CA\">Les entreprises L.A  bas\u00e9 \u00e0 Kirkland Qc, cr\u00e9\u00e9 en 2008 par Mike Aquino.\u00a0Les <\/span><span lang=\"EN-CA\">soci\u00e9t\u00e9s conservent le nom de L\u2019art de pierre. Maintenant avec plus de 16 ans d'activit\u00e9 et de nombreux clients satisfaits. <\/span><span lang=\"EN-CA\">...<\/span><\/strong><\/p>\n<p class=\"x_MsoNormal\"><strong><span lang=\"EN-CA\">Nous avons pris de l\u2019expansion afin de devenir l'un des meilleurs entreprise en am\u00e9nagement paysager et drains fran\u00e7ais de l'Ouest-de-l'\u00cele et des environs <\/span><span lang=\"EN-CA\">.<\/span><\/strong><\/p>\n<blockquote>\n<p class=\"x_MsoNormal\"><em><span lang=\"EN-CA\">Reconnu et certifi\u00e9 par la R\u00e9gie du b\u00e2timent du Qu\u00e9bec (RBQ 5692-9615-01 ) \n\nNous avons toutes les certifications n\u00e9cessaires pour effectuer les travaux. <\/span><span lang=\"EN-CA\">.<\/span><\/em><\/p>\n<\/blockquote>\n<p class=\"x_MsoNormal\"><span lang=\"EN-CA\">Reconnus pour nos conceptions, nos principaux travaux manuels (travaux d'am\u00e9nagement paysager comme les murs de sout\u00e8nement, <\/span><span lang=\"EN-CA\">pierres naturelles, terrasses en bois composite,... Reconnu \u00e9galement pour les travaux de fondation, <\/span><span lang=\"EN-CA\">les drains fran\u00e7ais et les fissures de fondations.<\/span><\/p>\n<p class=\"x_MsoNormal\"><strong><span lang=\"EN-CA\">Recommand\u00e9 par CAA et Apchq<\/span><\/strong><\/p>\n\n\t\t<\/div>\n\t<\/div>\n\n\t<div class=\"wpb_text_column wpb_content_element\" >\n\t\t<div class=\"wpb_wrapper\">\n\t\t\t<div class=\"custom-quote\">\n<blockquote><p>\nL\u2019art de pierre est une entreprise d\u2019am\u00e9nagement paysager offrant un service complet de conception et de r\u00e9alisation de projets cl\u00e9s en main avec un design professionnel et unique.<br \/>\n<a href=\"mailto:mike@lartdepierre.com\">Mike Aquino \u2013 Concepteur paysagiste<\/a><\/p>\n<p>&nbsp;\n<\/p><\/blockquote>\n<\/div>\n\n\t\t<\/div>\n\t<\/div>\n<\/div><\/div><\/div><div class=\"wpb_animate_when_almost_visible wpb_bounceIn bounceIn wpb_column vc_column_container vc_col-sm-4\"><div class=\"vc_column-inner vc_custom_1771640624153\"><div class=\"wpb_wrapper\">\n\t<div  class=\"wpb_single_image wpb_content_element vc_align_center wpb_content_element vc_custom_1772122082601\">\n\t\t\n\t\t<figure class=\"wpb_wrapper vc_figure\">\n\t\t\t<div class=\"vc_single_image-wrapper   vc_box_border_grey\"><img loading=\"lazy\" decoding=\"async\" width=\"1000\" height=\"1294\" src=\"https:\/\/www.lartdepierre.com\/wp-content\/uploads\/2026\/01\/pub1-2.jpg\" class=\"vc_single_image-img attachment-full\" alt=\"\" title=\"pub1\" srcset=\"https:\/\/www.lartdepierre.com\/wp-content\/uploads\/2026\/01\/pub1-2.jpg 1000w, https:\/\/www.lartdepierre.com\/wp-content\/uploads\/2026\/01\/pub1-2-232x300.jpg 232w, https:\/\/www.lartdepierre.com\/wp-content\/uploads\/2026\/01\/pub1-2-791x1024.jpg 791w, https:\/\/www.lartdepierre.com\/wp-content\/uploads\/2026\/01\/pub1-2-768x994.jpg 768w\" sizes=\"auto, (max-width: 1000px) 100vw, 1000px\"><\/div>\n\t\t<\/figure>\n\t<\/div>\n<\/div><\/div><\/div><\/div><\/div><\/div><div class=\"vc_row wpb_row vc_row-fluid vc_custom_1771208286572 vc_row-has-fill parallax no-parallax-mobile\"><div class=\"container\"><div class=\"row\"><div class=\"wpb_column vc_column_container vc_col-sm-3\"><div class=\"vc_column-inner\"><div class=\"wpb_wrapper\"><div class=\"fh-counter  style-1\">\n\t\t\t\t <span class=\"fh-icon\"><i class=\"flaticon-nature-1\"><\/i><\/span>\n                <div class=\"counter\">\n                \t<div class=\"value\">25<\/div>\n                \t<span><\/span>\n                <\/div>\n                <h4>Ann\u00e9es d'exp\u00e9rience<\/h4>\n\n            <\/div><\/div><\/div><\/div><div class=\"wpb_column vc_column_container vc_col-sm-3\"><div class=\"vc_column-inner\"><div class=\"wpb_wrapper\"><div class=\"fh-counter  style-1\">\n\t\t\t\t <span class=\"fh-icon\"><i class=\"flaticon-nature-2\"><\/i><\/span>\n                <div class=\"counter\">\n                \t<div class=\"value\">800<\/div>\n                \t<span><\/span>\n                <\/div>\n                <h4>Projets r\u00e9ussis!<\/h4>\n\n            <\/div><\/div><\/div><\/div><div class=\"wpb_column vc_column_container vc_col-sm-3\"><div class=\"vc_column-inner\"><div class=\"wpb_wrapper\"><div class=\"fh-counter  style-1\">\n\t\t\t\t <span class=\"fh-icon\"><i class=\"flaticon-people\"><\/i><\/span>\n                <div class=\"counter\">\n                \t<div class=\"value\">8+<\/div>\n                \t<span><\/span>\n                <\/div>\n                <h4>Employ\u00e9s<\/h4>\n\n            <\/div><\/div><\/div><\/div><div class=\"wpb_column vc_column_container vc_col-sm-3\"><div class=\"vc_column-inner\"><div class=\"wpb_wrapper\"><div class=\"fh-counter  style-1\">\n\t\t\t\t <span class=\"fh-icon\"><i class=\"flaticon-medal\"><\/i><\/span>\n                <div class=\"counter\">\n                \t<div class=\"value\">4+<\/div>\n                \t<span><\/span>\n                <\/div>\n                <h4>Certifications<\/h4>\n\n            <\/div><\/div><\/div><\/div><\/div><\/div><\/div><div class=\"vc_row wpb_row vc_row-fluid vc_custom_1770416601266\"><div class=\"container\"><div class=\"row\"><div class=\"wpb_animate_when_almost_visible wpb_zoomIn zoomIn wpb_column vc_column_container vc_col-sm-12\"><div class=\"vc_column-inner\"><div class=\"wpb_wrapper\"><div class=\"fh-section-title clearfix  text-center style-1 version-dark\"><div class=\"container\"><h2>Rencontrer <span class=\"main-color\"> Notre Equipe<\/span><\/h2><\/div><\/div><div class=\"vc_row wpb_row vc_inner vc_row-fluid vc_custom_1770863425616\"><div class=\"wpb_column vc_column_container vc_col-sm-4\"><div class=\"vc_column-inner vc_custom_1770862974942\"><div class=\"wpb_wrapper\"><div class=\"fh-team  style-1\">\n\t\t\t\t<div class=\"team-member\">\n\t\t\t\t\t<img decoding=\"async\" class=\"\" src=\"https:\/\/www.lartdepierre.com\/wp-content\/uploads\/2026\/02\/Mike-Aquino-1-1.png\" width=\"370\" height=\"250\" alt=\"Mike-Aquino\" title=\"Mike-Aquino\" loading=\"lazy\" \/>\n\t\t\t\t\t<div class=\"socials socials-1\">\n\t\t\t\t\t\t<ul class=\"list-social clearfix\">\n\t\t\t\t\t\t\t<li class=\"facebook\">\n\t\t\t\t\t<a href=\"https:\/\/www.facebook.com\/lartdepierre\" target=\"_blank\" rel=\"noopener\">\n\t\t\t\t\t\t<i class=\"fa fa-facebook\"><\/i>\n\t\t\t\t\t<\/a>\n\t\t\t\t<\/li>\n\t\t\t\t\t\t<\/ul>\n\t\t\t\t\t<\/div>\n\t\t\t\t<\/div>\n\t\t\t\t\n\t\t\t\t<div class=\"team-content\">\n\t\t\t\t\t<div class=\"info\">\n\t\t\t\t\t\t<h4 class=\"name\">Mike Aquino<\/h4>\n\t\t\t\t\t\t<span class=\"job\">Proprio\/concepteur - (514) 825-8820<\/span>\n\t\t\t\t\t\t<p>Mike se charge d'\u00e9laborer les plans et de contacter les clients. Il sera ravi de discuter avec vous. N'h\u00e9sitez pas \u00e0 le contacter.<\/p>\n\t\t\t\t\t<\/div>\n\t\t\t\t\t<div class=\"website\"><i class=\"fa fa-envelope-o\" aria-hidden=\"true\"><\/i>mike@lartdepierre.com<\/div>\n\t\t\t\t\t<div class=\"socials socials-2\">\n\t\t\t\t\t\t<ul class=\"list-social clearfix\">\n\t\t\t\t\t\t\t<li class=\"facebook\">\n\t\t\t\t\t<a href=\"https:\/\/www.facebook.com\/lartdepierre\" target=\"_blank\" rel=\"noopener\">\n\t\t\t\t\t\t<i class=\"fa fa-facebook\"><\/i>\n\t\t\t\t\t<\/a>\n\t\t\t\t<\/li>\n\t\t\t\t\t\t<\/ul>\n\t\t\t\t\t<\/div>\n\t\t\t\t<\/div>\n\t\t\t<\/div><\/div><\/div><\/div><div class=\"wpb_column vc_column_container vc_col-sm-4\"><div class=\"vc_column-inner\"><div class=\"wpb_wrapper\"><div class=\"fh-team  style-1\">\n\t\t\t\t<div class=\"team-member\">\n\t\t\t\t\t<img decoding=\"async\" class=\"\" src=\"https:\/\/www.lartdepierre.com\/wp-content\/uploads\/2026\/02\/Erick_Bergeron_Raposo-1.png\" width=\"370\" height=\"250\" alt=\"Erick_Bergeron_Raposo\" title=\"Erick_Bergeron_Raposo\" loading=\"lazy\" \/>\n\t\t\t\t\t<div class=\"socials socials-1\">\n\t\t\t\t\t\t<ul class=\"list-social clearfix\">\n\t\t\t\t\t\t\t<li class=\"facebook\">\n\t\t\t\t\t<a href=\"https:\/\/www.facebook.com\/lartdepierre\" target=\"_blank\" rel=\"noopener\">\n\t\t\t\t\t\t<i class=\"fa fa-facebook\"><\/i>\n\t\t\t\t\t<\/a>\n\t\t\t\t<\/li>\n\t\t\t\t\t\t<\/ul>\n\t\t\t\t\t<\/div>\n\t\t\t\t<\/div>\n\t\t\t\t\n\t\t\t\t<div class=\"team-content\">\n\t\t\t\t\t<div class=\"info\">\n\t\t\t\t\t\t<h4 class=\"name\">Erick Bergeron Raposo<\/h4>\n\t\t\t\t\t\t<span class=\"job\">Proprio\/Chef d'\u00e9quipe - (514) 743-2785<\/span>\n\t\t\t\t\t\t<p>Erick g\u00e8re tout les employ\u00e9s et tous ce qui se passe sur le terrain avec professionnalisme et attention. N'h\u00e9sitez pas \u00e0 le contacter.<\/p>\n\t\t\t\t\t<\/div>\n\t\t\t\t\t<div class=\"website\"><i class=\"fa fa-envelope-o\" aria-hidden=\"true\"><\/i>info@lartdepierre.com<\/div>\n\t\t\t\t\t<div class=\"socials socials-2\">\n\t\t\t\t\t\t<ul class=\"list-social clearfix\">\n\t\t\t\t\t\t\t<li class=\"facebook\">\n\t\t\t\t\t<a href=\"https:\/\/www.facebook.com\/lartdepierre\" target=\"_blank\" rel=\"noopener\">\n\t\t\t\t\t\t<i class=\"fa fa-facebook\"><\/i>\n\t\t\t\t\t<\/a>\n\t\t\t\t<\/li>\n\t\t\t\t\t\t<\/ul>\n\t\t\t\t\t<\/div>\n\t\t\t\t<\/div>\n\t\t\t<\/div><\/div><\/div><\/div><div class=\"wpb_column vc_column_container vc_col-sm-4\"><div class=\"vc_column-inner\"><div class=\"wpb_wrapper\"><div class=\"fh-team  style-1\">\n\t\t\t\t<div class=\"team-member\">\n\t\t\t\t\t<img decoding=\"async\" class=\"\" src=\"https:\/\/www.lartdepierre.com\/wp-content\/uploads\/2026\/02\/team-370x250.png\" width=\"370\" height=\"250\" alt=\"Landscaper-team\" title=\"Landscaper-team\" loading=\"lazy\" \/>\n\t\t\t\t\t<div class=\"socials socials-1\">\n\t\t\t\t\t\t<ul class=\"list-social clearfix\">\n\t\t\t\t\t\t\t<li class=\"facebook\">\n\t\t\t\t\t<a href=\"https:\/\/www.facebook.com\/lartdepierre\" target=\"_blank\" rel=\"noopener\">\n\t\t\t\t\t\t<i class=\"fa fa-facebook\"><\/i>\n\t\t\t\t\t<\/a>\n\t\t\t\t<\/li>\n\t\t\t\t\t\t<\/ul>\n\t\t\t\t\t<\/div>\n\t\t\t\t<\/div>\n\t\t\t\t\n\t\t\t\t<div class=\"team-content\">\n\t\t\t\t\t<div class=\"info\">\n\t\t\t\t\t\t<h4 class=\"name\">Notre \u00e9quipe<\/h4>\n\t\t\t\t\t\t<span class=\"job\">Paysagistes<\/span>\n\t\t\t\t\t\t<p>L'\u00e9quipe de L'Art de pierre est perfectionniste et d\u00e9vou\u00e9e \u00e0 son travail. Un travail de qualit\u00e9 professionnelle sera donc r\u00e9alis\u00e9.<\/p>\n\t\t\t\t\t<\/div>\n\t\t\t\t\t<div class=\"website\"><i class=\"fa fa-envelope-o\" aria-hidden=\"true\"><\/i>info@lartdepierre.com<\/div>\n\t\t\t\t\t<div class=\"socials socials-2\">\n\t\t\t\t\t\t<ul class=\"list-social clearfix\">\n\t\t\t\t\t\t\t<li class=\"facebook\">\n\t\t\t\t\t<a href=\"https:\/\/www.facebook.com\/lartdepierre\" target=\"_blank\" rel=\"noopener\">\n\t\t\t\t\t\t<i class=\"fa fa-facebook\"><\/i>\n\t\t\t\t\t<\/a>\n\t\t\t\t<\/li>\n\t\t\t\t\t\t<\/ul>\n\t\t\t\t\t<\/div>\n\t\t\t\t<\/div>\n\t\t\t<\/div><\/div><\/div><\/div><\/div><div class=\"vc_separator wpb_content_element vc_separator_align_center vc_sep_width_100 vc_sep_pos_align_center vc_sep_color_black vc_custom_1771708972083 wpb_content_element wpb_animate_when_almost_visible wpb_zoomIn zoomIn vc_separator-has-text\" ><span class=\"vc_sep_holder vc_sep_holder_l\"><span class=\"vc_sep_line\"><\/span><\/span><h4>Nos partenaires<\/h4><span class=\"vc_sep_holder vc_sep_holder_r\"><span class=\"vc_sep_line\"><\/span><\/span>\n<\/div><div class=\"fh-partner clearfix  light\" data-autoplay=\"false\">\n\t\t\t\t<div class=\"list-item owl-carousel\"><div class=\"partner-item\">\n\t\t\t\t\t\t\t<div class=\"partner-content\"><a href=\"https:\/\/www.apchq.com\/a-propos\/reseau-de-l-apchq\/monteregie-suroit\/\" target=\"_blank\" rel=\"noopener\"><img decoding=\"async\" alt=\"831\"  src=\"https:\/\/www.lartdepierre.com\/wp-content\/uploads\/2026\/02\/APCHQ-log0.jpg\"><\/a><\/div>\n\t\t\t\t\t\t<\/div><div class=\"partner-item\">\n\t\t\t\t\t\t\t<div class=\"partner-content\"><a href=\"#\" target=\"_blank\" ><img decoding=\"async\" alt=\"834\"  src=\"https:\/\/www.lartdepierre.com\/wp-content\/uploads\/2026\/02\/DELTA_logo.jpg\"><\/a><\/div>\n\t\t\t\t\t\t<\/div><div class=\"partner-item\">\n\t\t\t\t\t\t\t<div class=\"partner-content\"><a href=\"#\" target=\"_blank\" ><img decoding=\"async\" alt=\"835\"  src=\"https:\/\/www.lartdepierre.com\/wp-content\/uploads\/2026\/02\/LOGO-RINOXPERT.jpg\"><\/a><\/div>\n\t\t\t\t\t\t<\/div><div class=\"partner-item\">\n\t\t\t\t\t\t\t<div class=\"partner-content\"><a href=\"#\" target=\"_blank\" ><img decoding=\"async\" alt=\"833\"  src=\"https:\/\/www.lartdepierre.com\/wp-content\/uploads\/2026\/02\/CAA_Logo.png\"><\/a><\/div>\n\t\t\t\t\t\t<\/div><div class=\"partner-item\">\n\t\t\t\t\t\t\t<div class=\"partner-content\"><a href=\"https:\/\/www.techo-bloc.com\" target=\"_blank\" rel=\"noopener\"><img decoding=\"async\" alt=\"1806\"  src=\"https:\/\/www.lartdepierre.com\/wp-content\/uploads\/2026\/03\/TechoPro_Certified_Logo.jpg\"><\/a><\/div>\n\t\t\t\t\t\t<\/div><\/div>\n\t\t\t<\/div><\/div><\/div><\/div><\/div><\/div><\/div>\n<\/div>","protected":false},"excerpt":{"rendered":"About Our Company About&hellip;","protected":false},"author":1,"featured_media":0,"parent":0,"menu_order":0,"comment_status":"closed","ping_status":"closed","template":"template-fullwidth.php","meta":{"footnotes":""},"class_list":["post-76","page","type-page","status-publish","hentry","no-thumb"],"_links":{"self":[{"href":"https:\/\/www.lartdepierre.com\/fr\/wp-json\/wp\/v2\/pages\/76","targetHints":{"allow":["GET"]}}],"collection":[{"href":"https:\/\/www.lartdepierre.com\/fr\/wp-json\/wp\/v2\/pages"}],"about":[{"href":"https:\/\/www.lartdepierre.com\/fr\/wp-json\/wp\/v2\/types\/page"}],"author":[{"embeddable":true,"href":"https:\/\/www.lartdepierre.com\/fr\/wp-json\/wp\/v2\/users\/1"}],"replies":[{"embeddable":true,"href":"https:\/\/www.lartdepierre.com\/fr\/wp-json\/wp\/v2\/comments?post=76"}],"version-history":[{"count":68,"href":"https:\/\/www.lartdepierre.com\/fr\/wp-json\/wp\/v2\/pages\/76\/revisions"}],"predecessor-version":[{"id":1812,"href":"https:\/\/www.lartdepierre.com\/fr\/wp-json\/wp\/v2\/pages\/76\/revisions\/1812"}],"wp:attachment":[{"href":"https:\/\/www.lartdepierre.com\/fr\/wp-json\/wp\/v2\/media?parent=76"}],"curies":[{"name":"wp","href":"https:\/\/api.w.org\/{rel}","templated":true}]}}